{"id":85,"date":"2020-12-31T02:03:36","date_gmt":"2020-12-31T02:03:36","guid":{"rendered":"https:\/\/carmelavidente.com\/?page_id=85"},"modified":"2025-01-21T10:55:35","modified_gmt":"2025-01-21T10:55:35","slug":"avisos-legales","status":"publish","type":"page","link":"https:\/\/carmelavidente.com\/index.php\/avisos-legales\/","title":{"rendered":"Avisos Legales"},"content":{"rendered":"\n<p>El Titular le informa sobre su Pol\u00edtica de Privacidad respecto del tratamiento y protecci\u00f3n de los datos de car\u00e1cter personal de los usuarios  que puedan ser recabados durante la navegaci\u00f3n a trav\u00e9s del Sitio Web: <a href=\"\">https:\/\/carmelavidente.com<\/a>\n<\/p>\n\n<p>\n\tEn este sentido, el Titular garantiza el cumplimiento de la normativa vigente en materia de protecci\u00f3n de datos personales, reflejada en la Ley Org\u00e1nica 3\/2018, de 5 de diciembre, de Protecci\u00f3n de Datos Personales y de Garant\u00eda de Derechos Digitales (LOPD GDD). Cumple tambi\u00e9n con el Reglamento (UE) 2016\/679 del Parlamento Europeo y del Consejo de 27 de abril de 2016 relativo a la protecci\u00f3n de las personas f\u00edsicas (RGPD).\n<\/p>\n\n<p>\n\tEl uso de sitio Web implica la aceptaci\u00f3n de esta Pol\u00edtica de Privacidad&nbsp;.\n<\/p>\n\n<h2>Identidad del Responsable<\/h2>\n<p>\n  <ul>    \n    <li>\n      <b>Responsable:<\/b>&nbsp;   \n      Delay Events SLU.\n      \n    <\/li>\n    \n    <li>\n      <b>NIF:<\/b>&nbsp;B99458754\n      \n    <\/li>\n\n\n    <li>\n      <b>Domicilio:<\/b>&nbsp;\n       C. del Coso, 66, 74,  Zaragoza - Espa\u00f1a.\n    <\/li>\n    \n    <li>\n      <b>Correo electr\u00f3nico:<\/b>&nbsp;\n      info@skytarot.com\n    <\/li>\n    \n\n    <li>\n      <b>Sitio Web:<\/b>&nbsp;\n      <a href=\"\">https:\/\/carmelavidente.com<\/a>\n    <\/li>\n  <\/ul>\n<\/p>\n\n\n<h2>Principios aplicados en el tratamiento de datos<\/h2>\n<p>\n\tEn el tratamiento de sus datos personales, el Titular aplicar\u00e1 los siguientes principios que se ajustan a las exigencias del nuevo reglamento europeo de protecci\u00f3n de datos (RGPD):\n<\/p>\n\n<p>\n  <ul>\n    <li>\n      Principio de licitud, lealtad y transparencia: El Titular siempre requerir\u00e1 el consentimiento para el tratamiento de los datos personales que puede ser para uno o varios fines espec\u00edficos sobre los que el Titular informar\u00e1 al Usuario previamente con absoluta transparencia.\n    <\/li>\n    <li>\n      Principio de minimizaci\u00f3n de datos: El Titular solicitar\u00e1 solo los datos estrictamente necesarios para el fin o los fines que los solicita.\n    <\/li> \n    <li>\n      Principio de limitaci\u00f3n del plazo de conservaci\u00f3n: El Titular mantendr\u00e1 los datos personales recabados durante el tiempo estrictamente necesario para el fin o los fines del tratamiento. El Titular informar\u00e1 al Usuario del plazo de conservaci\u00f3n correspondiente seg\u00fan la finalidad.\n      <br>En el caso de suscripciones, el Titular revisar\u00e1 peri\u00f3dicamente las listas y eliminar\u00e1 aquellos registros inactivos durante un tiempo considerable.\n    <\/li>\n    <li>\n      Principio de integridad y confidencialidad: Los datos personales recabados ser\u00e1n tratados de tal manera que su seguridad, confidencialidad e integridad est\u00e1 garantizada.\n      <br>El Titular toma las precauciones necesarias para evitar el acceso no autorizado o uso indebido de los datos de sus usuarios por parte de terceros.\n    <\/li>\n  <\/ul>\n<\/p>\n\n<h2>Obtenci\u00f3n de datos personales<\/h2>\n<p>\n  Para navegar por el sitio Web no es necesario que facilite ning\u00fan dato personal.\n<\/p>\n\n\n<h2>Derechos<\/h2>\n<p>\n  El Titular le informa que sobre sus datos personales tiene derecho a:\n<\/p>\n<p>\n  <ul>\n    <li>Solicitar el acceso a los datos almacenados.<\/li>\n    <li>Solicitar una rectificaci\u00f3n o la supresi\u00f3n.<\/li>\n    <li>Solicitar la limitaci\u00f3n de su tratamiento.<\/li>\n    <li>Oponerse al tratamiento.<\/li>\n  <\/ul>\n<\/p>\n<p>\n  No puede ejercitar el derecho a la portabilidad de los datos.\n<\/p>\n\n<p>\n  El ejercicio de estos derechos es personal y por tanto debe ser ejercido directamente por el interesado, solicit\u00e1ndolo directamente al Titular, lo que significa que cualquier cliente, suscriptor o colaborador que haya facilitado sus datos en alg\u00fan momento, puede dirigirse al Titular y pedir informaci\u00f3n sobre los datos que tiene almacenados y c\u00f3mo los ha obtenido, solicitar la rectificaci\u00f3n de los mismos, oponerse al tratamiento, limitar su uso o solicitar la supresi\u00f3n de esos datos en los ficheros del Titular.\n<\/p>\n\n<p>  \n  Para ejercitar sus derechos tiene que enviar su petici\u00f3n junto con una fotocopia del Documento Nacional de Identidad o equivalente a&nbsp;\n  la direcci\u00f3n de correo electr\u00f3nico:&nbspinfo@skytarot.com\n<\/p>\n\n<p>\n  El ejercicio de estos derechos no incluye ning\u00fan dato que el Titular est\u00e9 obligado a conservar con fines administrativos, legales o de seguridad.\n<\/p>\n\n<p>\n  Tiene derecho a la tutela judicial efectiva y a presentar una reclamaci\u00f3n ante la autoridad de control, en este caso, la Agencia Espa\u00f1ola de Protecci\u00f3n de Datos, si considera que el tratamiento de datos personales que le conciernen infringe el Reglamento.\n<\/p>\n\n<h2 id=\"finalidad-del-tratamiento-de-datos-personales\">Finalidad del tratamiento de datos personales<\/h2>\n<p>\n  Cuando usted se conecta al Sitio Web para mandar un correo al Titular, se suscribe a su bolet\u00edn  est\u00e1 facilitando informaci\u00f3n de car\u00e1cter personal de la que el responsable es el Titular. Esta informaci\u00f3n puede incluir datos de car\u00e1cter personal como pueden ser su direcci\u00f3n IP, nombre y apellidos, direcci\u00f3n f\u00edsica, direcci\u00f3n de correo electr\u00f3nico, n\u00famero de tel\u00e9fono, y otra informaci\u00f3n. Al facilitar esta informaci\u00f3n, da su consentimiento para que su informaci\u00f3n sea recopilada, utilizada, gestionada y almacenada por \n  \n  &mdash;\n  \n  Delay Events SLU\n  &mdash;\n<\/p>\n<p>\n  Los datos personales y la finalidad del tratamiento por parte del Titular es diferente seg\u00fan el sistema de captura de informaci\u00f3n:\n<\/p>\n<p>\n  <ul>    \n  <\/ul> \n<\/p>\n<p>   \n  Existen otras finalidades por las que el Titular trata datos personales:\n<\/p>\n<p>\n  <ul>\n    <li>\n      Para garantizar el cumplimiento de las condiciones recogidas en  la ley aplicable. Esto puede incluir el desarrollo de herramientas y algoritmos que ayuden al Sitio Web a garantizar la confidencialidad de los datos personales que recoge.\n    <\/li>\n    <li>\n      Para apoyar y mejorar los servicios que ofrece este Sitio Web.\n    <\/li>\n    <li>\n      Para analizar la navegaci\u00f3n de los usuarios. El Titular recoge otros datos no identificativos que se obtienen mediante el uso de cookies que se descargan en el ordenador del Usuario cuando navega por el Sitio Web cuyas caracter\u00edsticas y finalidad est\u00e1n detalladas en la p\u00e1gina de  <a href=\"https:\/\/carmelavidente.com\/index.php\/politica-de-cookies\/\">Pol\u00edtica de Cookies<\/a>.\n    <\/li>\n  <\/ul>\n<\/p>\n\n\n<h2>Seguridad de los datos personales<\/h2>\n<p>\n  Para proteger sus datos personales, el Titular toma todas las precauciones razonables y sigue las mejores pr\u00e1cticas de la industria para evitar su p\u00e9rdida, mal uso, acceso indebido, divulgaci\u00f3n, alteraci\u00f3n o destrucci\u00f3n de los mismos.\n<\/p>\n  <p>\n    Sus datos podr\u00e1n ser incorporados a un fichero de lista de correo, del cual el Titular es responsable de su gesti\u00f3n y tratamiento. La seguridad de sus datos est\u00e1 garantizada, ya que el Titular toma todas las medidas de seguridad necesarias y le garantiza que los datos personales s\u00f3lo se usar\u00e1n para las finalidades dadas.\n  <\/p>\n\n\n  <p>\n    El Titular informa al Usuario de que sus datos personales no ser\u00e1n cedidos a terceras organizaciones, con la salvedad de que dicha cesi\u00f3n de datos est\u00e9 amparada en una obligaci\u00f3n legal o cuando la prestaci\u00f3n de un servicio implique la necesidad de una relaci\u00f3n contractual con un encargado de tratamiento. En este \u00faltimo caso, solo se llevar\u00e1 a cabo la cesi\u00f3n de datos al tercero cuando el Titular disponga del consentimiento expreso del Usuario.\n  <\/p>\n  <p>\n    Sin embargo, en algunos casos se pueden realizar colaboraciones con otros profesionales, en esos casos, se requerir\u00e1 consentimiento al Usuario informando sobre la identidad del colaborador y la finalidad de la colaboraci\u00f3n. Siempre se realizar\u00e1 con los m\u00e1s estrictos est\u00e1ndares de seguridad.\n  <\/p>\n\n\n<h2>Contenido de otros sitios web<\/h2>\n<p>\n  Las p\u00e1ginas de este sitio Web pueden incluir contenido incrustado (por ejemplo, v\u00eddeos, im\u00e1genes, art\u00edculos, etc.). El contenido incrustado de otras web se comporta exactamente de la misma manera que si hubiera visitado la otra web.\n<\/p>\n<p>\n  Estos sitios Web pueden recopilar datos sobre usted, utilizar cookies, incrustar un c\u00f3digo de seguimiento adicional de terceros, y supervisar su interacci\u00f3n usando este c\u00f3digo.\n<\/p>\n\n\n<h2>Pol\u00edtica de Cookies<\/h2>\n<p>\n  Para que este sitio Web funcione correctamente necesita utilizar cookies, que es una informaci\u00f3n que se almacena en su navegador web. \n  \n  <p>\n    Puede consultar toda la informaci\u00f3n relativa a la pol\u00edtica de recogida y tratamiento de las cookies en la p\u00e1gina de  <a href=\"https:\/\/carmelavidente.com\/index.php\/politica-de-cookies\/\">Pol\u00edtica de Cookies<\/a>.\n  <\/p>\n<\/p>\n\n\n\n<h2>Legitimaci\u00f3n para el tratamiento de datos<\/h2>\n<p>\n  La base legal para el tratamiento de sus datos es:\n  <ul>\n    <li>\n      El consentimiento del interesado.\n    <\/li> \n  <\/ul>\n<\/p>\n\n\n<h2>Categor\u00edas de datos personales<\/h2>\n<p>\n  Las categor\u00edas de datos personales que trata el Titular son:\n<\/p>\n<p>\n  <ul>    \n    <li>Datos identificativos.<\/li>\n    <li>No se tratan categor\u00edas de datos especialmente protegidos.<\/li>\n  <\/ul>\n<\/p>\n\n\n<h2>Conservaci\u00f3n de datos personales<\/h2>\n<p>  \n  Los datos personales proporcionados al Titular se conservar\u00e1n hasta que solicite su supresi\u00f3n.\n<\/p>\n\n\n<div id=\"destinatarios\">\n<p>\n  <ul>  \n  <\/ul>\n<\/p>\n<\/div>\n\n\n\n<h2>Navegaci\u00f3n Web<\/h2>\n<p>\n  Al navegar por el Sitio Web se pueden recoger datos no identificativos, que pueden incluir, la direcci\u00f3n IP, geolocalizaci\u00f3n, un registro de c\u00f3mo se utilizan los servicios y sitios, h\u00e1bitos de navegaci\u00f3n y otros datos que no pueden ser utilizados para identificarle.\n<\/p>\n\n<p>\n  El sitio Web utiliza los siguientes servicios de an\u00e1lisis de terceros:\n<\/p>\n\n<p>\n  <ul>\n    \n    \n    \n  <\/ul>\n<\/p>\n<p>\n  El Titular utiliza la informaci\u00f3n obtenida para obtener datos estad\u00edsticos, analizar tendencias, administrar el sitio, estudiar patrones de navegaci\u00f3n y para recopilar informaci\u00f3n demogr\u00e1fica.\n<\/p>\n<p>\n  El Titular no se hace responsable del tratamiento de los datos personales que realicen las p\u00e1ginas web a las que pueda acceder a trav\u00e9s de los distintos enlaces que contiene el Sitio Web.\n<\/p>\n\n\n<h2>Exactitud y veracidad de los datos personales<\/h2>\n<p>\n  Usted se compromete a que los datos facilitados al Titular sean correctos, completos, exactos y vigentes, as\u00ed como a mantenerlos debidamente actualizados.\n<\/p>\n<p>\n  Como Usuario del Sitio Web es el \u00fanico responsable de la veracidad y correcci\u00f3n de los datos remitidos al Sitio Web exonerando al Titular de cualquier responsabilidad al respecto.\n<\/p>\n\n\n<h2>Aceptaci\u00f3n y consentimiento<\/h2>\n<p> \n  Como Usuario del Sitio Web declara haber sido informado de las condiciones sobre protecci\u00f3n de datos de car\u00e1cter personal, acepta y consiente el tratamiento de los mismos por parte del Titular en la forma y para las finalidades indicadas en esta Pol\u00edtica de Privacidad.\n<\/p>\n<p>\n  Para contactar con el Titular, suscribirse a un bolet\u00edn o realizar comentarios en este sitio Web tiene que aceptar la presente Pol\u00edtica de Privacidad.\n<\/p>\n\n\n<h2>Cambios en la Pol\u00edtica de Privacidad<\/h2>\n<p>\n  El Titular se reserva el derecho a modificar la presente Pol\u00edtica de Privacidad para adaptarla a novedades legislativas o jurisprudenciales, as\u00ed como a pr\u00e1cticas de la industria.\n<\/p>\n<p> \n  Estas pol\u00edticas estar\u00e1n vigentes hasta que sean modificadas por otras debidamente publicadas.\n<\/p>\n\t\t<div data-elementor-type=\"wp-page\" data-elementor-id=\"85\" class=\"elementor elementor-85\">\n\t\t\t\t\t\t<section class=\"elementor-section elementor-top-section elementor-element elementor-element-21b0ef3f elementor-section-boxed elementor-section-height-default elementor-section-height-default\" data-id=\"21b0ef3f\" data-element_type=\"section\" data-e-type=\"section\">\n\t\t\t\t\t\t<div class=\"elementor-container elementor-column-gap-default\">\n\t\t\t\t\t<div class=\"elementor-column elementor-col-100 elementor-top-column elementor-element elementor-element-2a95f5e0\" data-id=\"2a95f5e0\" data-element_type=\"column\" data-e-type=\"column\">\n\t\t\t<div class=\"elementor-widget-wrap elementor-element-populated\">\n\t\t\t\t\t\t<div class=\"elementor-element elementor-element-f5b40ac elementor-widget elementor-widget-text-editor\" data-id=\"f5b40ac\" data-element_type=\"widget\" data-e-type=\"widget\" data-widget_type=\"text-editor.default\">\n\t\t\t\t<div class=\"elementor-widget-container\">\n\t\t\t\t\t\t\t\t\t\n<p>En el presente Aviso Legal, el Usuario, podr\u00e1 encontrar toda la informaci\u00f3n relativa a las condiciones legales que denen las relaciones entre los usuarios y el responsable de la p\u00e1gina web accesible en la direcci\u00f3n URL https:\/\/carmelavidente.com (en adelante, el sitio web), que Delay Events SLU pone a disposici\u00f3n de los usuarios de Internet.<\/p>\n\n<p>La utilizaci\u00f3n del sitio web implica la aceptaci\u00f3n plena y sin reservas de todas y cada una de las disposiciones incluidas en este Aviso Legal. En consecuencia, el usuario del sitio web debe leer atentamente el presente Aviso Legal en cada una de las ocasiones en que se proponga utilizar la web, ya que el texto podr\u00eda sufrir modicaciones a criterio del titular de la web, o a causa de un cambio legislativo, jurisprudencial o en la pr\u00e1ctica empresarial.<\/p>\n\n<p>Denominaci\u00f3n: Delay Events SLU<br \/>CIF: B99458754<br \/>Direcci\u00f3n: C. del Coso, 66, 74 &#8211; 50.001 Zaragoza<br \/>Tel\u00e9fono: 976027057<br \/>Correo electr\u00f3nico:\u00a0info@skytarot.com<\/p>\n\n<p>Delay Events SLU es el responsable del Sitio Web y se compromete a cumplir con todos los requisitos nacionales y europeos que regulan el uso de los datos personales de los usuarios.<\/p>\n\n<p>Este Sitio Web garantiza la protecci\u00f3n y condencialidad de los datos personales que nos proporcionen de acuerdo con lo dispuesto en el Reglamento General de Protecci\u00f3n de Datos de Car\u00e1cter Personal (UE) 2016\/679 del Parlamento Europeo y del Consejo, de 27 de abril de 2016, en la Ley Org\u00e1nica 3\/2018, de Protecci\u00f3n de Datos Personales y garant\u00eda de los derechos digitales, as\u00ed como en la Ley de Servicios de la Sociedad de la Informaci\u00f3n y Comercio Electr\u00f3nico 34\/2002 de 11 de Julio (LSSI-CE)<\/p>\n\n<p>2.- OBJETO.<br \/>El sitio web facilita a los usuarios del mismo el acceso a informaci\u00f3n y servicios prestados por Delay Events SLU a aquellas personas u organizaciones interesadas en los mismos.<\/p>\n\n<p>El acceso y la utilizaci\u00f3n del Sitio Web atribuye la condici\u00f3n de usuario del Sitio Web (en adelante, el \u201cUsuario\u201d) e implica la aceptaci\u00f3n de todas las condiciones incluidas en este Aviso Legal as\u00ed como de sus modicaciones. La prestaci\u00f3n del servicio del Sitio Web tiene una duraci\u00f3n limitada al momento en el que el Usuario se encuentre conectado al Sitio Web o a alguno de los servicios que a trav\u00e9s del mismo se facilitan. Por tanto, el Usuario debe leer<\/p>\n\n<p>1\/4<\/p>\n\n<p>30\/12\/2020 Avisos Legales &#8211; Tarot y Videncia, Tarotistas buenas, tarot online, predicciones, tarot 24 horas, cartas de tarot<\/p>\n\n<p>atentamente el presente Aviso Legal en cada una de las ocasiones en que se proponga utilizar el Sitio Web, ya que \u00e9ste y sus condiciones de uso recogidas en el presente Aviso Legal pueden sufrir modicaciones.<\/p>\n\n<p>3.- ACCESO Y UTILIZACI\u00d3N DE LA WEB.<br \/>3.1.- Car\u00e1cter gratuito del acceso y utilizaci\u00f3n de la web. El acceso a la web tiene car\u00e1cter gratuito para los usuarios de la misma, salvo en lo relativo al coste de la conexi\u00f3n a trav\u00e9s de la red de telecomunicaciones suministrada por el proveedor de acceso contratado por los usuarios.<br \/>3.2.- Registro de usuarios. Con car\u00e1cter general el acceso y utilizaci\u00f3n de la web no exige la previa suscripci\u00f3n o registro de los usuarios de la misma.<br \/>3.3.- Los usuarios garantizan y responden, en cualquier caso, de la exactitud, vigencia y autenticidad de los datos personales facilitados, y se comprometen a mantenerlos debidamente actualizados. El usuario acepta proporcionar informaci\u00f3n completa y correcta en el formulario de contacto o suscripci\u00f3n.<\/p>\n\n<p>En ning\u00fan caso se recabar\u00e1n del menor de edad datos relativos a la situaci\u00f3n profesional, econ\u00f3mica o a la intimidad de los otros miembros de la familia, sin el consentimiento de \u00e9stos. Si eres menor de trece a\u00f1os y has accedido a este sitio web sin avisar a tus padres no debes registrarte como usuario.<\/p>\n\n<p>En esta web se respetan y cuidan los datos personales de los usuarios. Como usuario debes saber que tus derechos est\u00e1n garantizados.<\/p>\n\n<p>4.- CONTENIDOS DE LA WEB.<br \/>El idioma utilizado por el titular en la web ser\u00e1 el castellano. Delay Events SLU no se responsabiliza de la no comprensi\u00f3n o entendimiento del idioma de la web por el usuario, ni de sus consecuencias.<br \/>Delay Events SLU podr\u00e1 modicar los contenidos sin previo aviso, as\u00ed como suprimir y cambiar \u00e9stos dentro de la web, como la forma en que se accede a \u00e9stos, sin justicaci\u00f3n alguna y libremente, no responsabiliz\u00e1ndose de las consecuencias que los mismos puedan ocasionar a los usuarios.<br \/>Se proh\u00edbe el uso de los contenidos de la web para promocionar, contratar o divulgar publicidad o informaci\u00f3n propia o de terceras personas sin la autorizaci\u00f3n de Delay Events SLU, ni remitir publicidad o informaci\u00f3n vali\u00e9ndose para ello de los servicios o informaci\u00f3n que se ponen a disposici\u00f3n de los usuarios, independientemente de si la utilizaci\u00f3n es gratuita o no.<br \/>Los enlaces o hiperenlaces que incorporen terceros en sus p\u00e1ginas web, dirigidos a esta web, ser\u00e1n para la apertura de la p\u00e1gina web completa, no pudiendo manifestar, directa o indirectamente, indicaciones falsas, inexactas o confusas, ni incurrir en acciones desleales o il\u00edcitas en contra de Delay Events SLU<\/p>\n\n<p>5.- MEDIDAS DE SEGURIDAD.<br \/>Los datos personales comunicados por el usuario podr\u00e1n ser almacenados en bases de datos automatizadas o no, cuya titularidad corresponde en exclusiva a Delay Events SLU, asumiendo todas las medidas de \u00edndole t\u00e9cnica, organizativa y de seguridad que garanticen la condencialidad, integridad y calidad de la informaci\u00f3n contenida en<\/p>\n\n<p>2\/4<\/p>\n\n<p>30\/12\/2020 Avisos Legales &#8211; Tarot y Videncia, Tarotistas buenas, tarot online, predicciones, tarot 24 horas, cartas de tarot<\/p>\n\n<p>las mismas de acuerdo con lo establecido en las normativas vigentes en materia de protecci\u00f3n de datos de car\u00e1cter personal.<\/p>\n\n<p>6.- LIMITACI\u00d3N DE RESPONSABILIDAD.<br \/>Tanto el acceso a la web como el uso no consentido que pueda efectuarse de la informaci\u00f3n contenida en la misma es de la exclusiva responsabilidad de quien lo realiza. Delay Events SLU no responder\u00e1 de ninguna consecuencia, da\u00f1o o perjuicio que pudieran derivarse de dicho acceso o uso. Delay Events SLU no se hace responsable de los errores de seguridad, que se puedan producir ni de los da\u00f1os que puedan causarse al sistema inform\u00e1tico del usuario (hardware y software), o a los cheros o documentos almacenados en el mismo, como consecuencia de:<br \/>\u2013 la presencia de un virus en el ordenador del usuario que sea utilizado para la conexi\u00f3n a los servicios y contenidos de la web.<br \/>\u2013 un mal funcionamiento del navegador.<br \/>\u2013 y\/o del uso de versiones no actualizadas del mismo.<br \/>Delay Events SLU no se hace responsable de la abilidad y rapidez de los hiperenlaces que se incorporen en la web para la apertura de otras. Delay Events SLU no garantiza la utilidad de estos enlaces, ni se responsabiliza de los contenidos o servicios a los que pueda acceder el usuario por medio de estos enlaces, ni del buen funcionamiento de estas webs.<br \/>Delay Events SLU no ser\u00e1 responsable de los virus o dem\u00e1s programas inform\u00e1ticos que deterioren o puedan deteriorar los sistemas o equipos inform\u00e1ticos de los usuarios al acceder a su web u otras webs a las que se haya accedido mediante enlaces de esta web.<\/p>\n\n<p>7.- EMPLEO DE LA TECNOLOG\u00cdA \u201cCOOKIE\u201d.<br \/>El Sitio Web puede emplear cookies o tecnolog\u00edas similares que se regir\u00e1n por lo establecido en la Pol\u00edtica de Cookies, accesible en todo momento y respetando la condencialidad e intimidad del usuario, siendo parte integrante del presente Aviso Legal.<\/p>\n\n<p>8.- NAVEGACI\u00d3N.<br \/>Los servidores de Internet pueden recoger datos no identicables, que puedan incluir, direcciones IP, y otros datos que no pueden ser utilizados para identicar al usuario. Su direcci\u00f3n IP se almacenar\u00e1 en los logs de acceso de forma autom\u00e1tica y con la \u00fanica nalidad de permitir el tr\u00e1nsito por Internet, siendo necesario que su equipo facilite esta direcci\u00f3n IP cuando navega por Internet para que las comunicaciones puedan realizarse. As\u00ed mismo, la direcci\u00f3n IP podr\u00e1 ser utilizada para realizar estad\u00edsticas, de manera anonimizada, sobre el n\u00famero de visitantes de esta web y su procedencia, de forma totalmente transparente a su navegaci\u00f3n.<\/p>\n\n<p>9.- PROPIEDAD INTELECTUAL E INDUSTRIAL<br \/>El usuario conoce y acepta que todos los contenidos y\/o cualesquiera otros elementos del sitio web son propiedad de Delay Events SLU, y se compromete a respetar los derechos de propiedad intelectual e industrial titularidad de Delay Events SLU. Cualquier uso de la web o sus contenidos deber\u00e1 tener un car\u00e1cter exclusivamente particular.<\/p>\n\n<p>3\/4<\/p>\n\n<p>30\/12\/2020 Avisos Legales &#8211; Tarot y Videncia, Tarotistas buenas, tarot online, predicciones, tarot 24 horas, cartas de tarot<\/p>\n\n<figure class=\"wp-block-table\">\n<table>\n<tbody>\n<tr>\n<td>Est\u00e1 reservado exclusivamente a Delay Events SLU, cualquier otro uso que suponga la copia, reproducci\u00f3n, distribuci\u00f3n, transformaci\u00f3n, comunicaci\u00f3n p\u00fablica o cualquier otra acci\u00f3n similar, de todo o parte de los contenidos de la web, por lo que ning\u00fan usuario podr\u00e1 llevar a cabo estas acciones sin la autorizaci\u00f3n previa y por escrito de Delay Events SLU 10.- LEGISLACI\u00d3N APLICABLE Y JURISDICCI\u00d3N COMPETENTE<br \/>El presente Aviso Legal se interpretar\u00e1 y regir\u00e1 de conformidad con la legislaci\u00f3n espa\u00f1ola. Delay Events SLU y los usuarios, con renuncia expresa a cualquier otro fuero que pudiera corresponderles, se someten al de los juzgados y tribunales del domicilio del usuario para cualquier controversia que pudiera derivarse del acceso o uso de la web. En el caso de que el usuario tenga su domicilio fuera de Espa\u00f1a, Delay Events SLU y el usuario, se someten, con renuncia expresa a cualquier otro fuero, a los juzgados y tribunales del domicilio de Zaragoza<\/td>\n<\/tr>\n<tr>\n<td>\u00a0<\/td>\n<\/tr>\n<\/tbody>\n<\/table>\n<\/figure>\n\t\t\t\t\t\t\t\t<\/div>\n\t\t\t\t<\/div>\n\t\t\t\t\t<\/div>\n\t\t<\/div>\n\t\t\t\t\t<\/div>\n\t\t<\/section>\n\t\t\t\t<\/div>\n\t\t","protected":false},"excerpt":{"rendered":"<p>El Titular le informa sobre su Pol\u00edtica de Privacidad respecto del tratamiento y protecci\u00f3n de los datos de car\u00e1cter personal de los usuarios que puedan ser recabados durante la navegaci\u00f3n a trav\u00e9s del Sitio Web: https:\/\/carmelavidente.com En este sentido, el Titular garantiza el cumplimiento de la normativa vigente en materia de protecci\u00f3n de datos personales,&hellip;&nbsp;<a href=\"https:\/\/carmelavidente.com\/index.php\/avisos-legales\/\" rel=\"bookmark\">Leer m\u00e1s &raquo;<span class=\"screen-reader-text\">Avisos Legales<\/span><\/a><\/p>\n","protected":false},"author":1,"featured_media":0,"parent":0,"menu_order":0,"comment_status":"closed","ping_status":"closed","template":"","meta":{"neve_meta_sidebar":"full-width","neve_meta_container":"","neve_meta_enable_content_width":"on","neve_meta_content_width":100,"neve_meta_title_alignment":"","neve_meta_author_avatar":"","neve_post_elements_order":"","neve_meta_disable_header":"","neve_meta_disable_footer":"","neve_meta_disable_title":"","footnotes":""},"class_list":["post-85","page","type-page","status-publish","hentry"],"aioseo_notices":[],"_links":{"self":[{"href":"https:\/\/carmelavidente.com\/index.php\/wp-json\/wp\/v2\/pages\/85","targetHints":{"allow":["GET"]}}],"collection":[{"href":"https:\/\/carmelavidente.com\/index.php\/wp-json\/wp\/v2\/pages"}],"about":[{"href":"https:\/\/carmelavidente.com\/index.php\/wp-json\/wp\/v2\/types\/page"}],"author":[{"embeddable":true,"href":"https:\/\/carmelavidente.com\/index.php\/wp-json\/wp\/v2\/users\/1"}],"replies":[{"embeddable":true,"href":"https:\/\/carmelavidente.com\/index.php\/wp-json\/wp\/v2\/comments?post=85"}],"version-history":[{"count":8,"href":"https:\/\/carmelavidente.com\/index.php\/wp-json\/wp\/v2\/pages\/85\/revisions"}],"predecessor-version":[{"id":576,"href":"https:\/\/carmelavidente.com\/index.php\/wp-json\/wp\/v2\/pages\/85\/revisions\/576"}],"wp:attachment":[{"href":"https:\/\/carmelavidente.com\/index.php\/wp-json\/wp\/v2\/media?parent=85"}],"curies":[{"name":"wp","href":"https:\/\/api.w.org\/{rel}","templated":true}]}}