{"id":88,"date":"2020-12-31T02:05:02","date_gmt":"2020-12-31T02:05:02","guid":{"rendered":"https:\/\/carmelavidente.com\/?page_id=88"},"modified":"2020-12-31T02:05:03","modified_gmt":"2020-12-31T02:05:03","slug":"politica-de-cookies","status":"publish","type":"page","link":"https:\/\/carmelavidente.com\/index.php\/politica-de-cookies\/","title":{"rendered":"Poli\u0301tica de Cookies"},"content":{"rendered":"\n<h2>\u00bfQu\u00e9 son las cookies?<\/h2>\n\n<p>\n\tEn ingl\u00e9s, el t\u00e9rmino &quot;cookie&quot; significa galleta, pero en el \u00e1mbito de la navegaci\u00f3n web, una &quot;cookie&quot; es algo completamente distinto. Cuando accede a nuestro Sitio Web, en el navegador de su dispositivo se almacena una peque\u00f1a cantidad de texto que se denomina &quot;cookie&quot;. Este texto contiene informaci\u00f3n variada sobre su navegaci\u00f3n, h\u00e1bitos, preferencias, personalizaciones de contenidos, etc...\n<\/p>\n\n<p>\n\tExisten otras tecnolog\u00edas que funcionan de manera similar y que tambi\u00e9n se usan para recopilar datos sobre tu actividad de navegaci\u00f3n. Llamaremos &quot;cookies&quot; a todas estas tecnolog\u00edas en su conjunto.\n<\/p>\n\n<p>\n\tLos usos concretos que hacemos de estas tecnolog\u00edas se describen en el presente documento.\n<\/p>\n\n<h2>\u00bfPara qu\u00e9 se utilizan las cookies en esta web?<\/h2>\n\n<p>\n\tLas cookies son una parte esencial de c\u00f3mo funciona el Sitio Web. El objetivo principal de nuestras cookies es mejorar su experiencia en la navegaci\u00f3n. Por ejemplo, para recordar sus preferencias (idioma, pa\u00eds, etc.) durante la navegaci\u00f3n y en futuras visitas. La informaci\u00f3n recogida en las cookies nos permite adem\u00e1s mejorar la web, adaptarla a sus intereses como usuario, acelerar las b\u00fasquedas que realice, etc..\n<\/p>\n\n<p>\n\tEn determinados casos, si hemos obtenido su previo consentimiento informado, podremos utilizar cookies para otros usos, como por ejemplo para obtener informaci\u00f3n que nos permita mostrarle publicidad basada en el an\u00e1lisis de sus h\u00e1bitos de navegaci\u00f3n.\n<\/p>\n\n<h2>\u00bfPara qu\u00e9 NO se utilizan las cookies en esta web?<\/h2>\n\n<p>\n\tEn las cookies que utilizamos no se almacena informaci\u00f3n sensible de identificaci\u00f3n personal como su nombre, direcci\u00f3n, tu contrase\u00f1a, etc...\n<\/p>\n\n<h2>\u00bfQui\u00e9n utiliza la informaci\u00f3n almacenada en las cookies?<\/h2>\n\n<p>\n\tLa informaci\u00f3n almacenada en las cookies de nuestro Sitio Web es utilizada exclusivamente por nosotros, a excepci\u00f3n de aquellas identificadas m\u00e1s adelante como &quot;cookie de terceros&quot;, que son utilizadas y gestionadas por entidades externas que nos proporcionan servicios que mejoran la experiencia del usuario. Por ejemplo las estad\u00edsticas que se recogen sobre el n\u00famero de visitas, el contenido que m\u00e1s gusta, etc... \n<\/p>\n\n\n\n<h2>\u00bfC\u00f3mo puede evitar el uso de cookies en este Sitio Web?<\/h2>\n\n<p>\n\tSi prefiere evitar el uso de las cookies, puede RECHAZAR su uso o puede CONFIGURAR las que quiere evitar y las que permite utilizar (en este documento le damos informaci\u00f3n ampliada al respecto de cada tipo de cookie, su finalidad, destinatario, temporalidad, etc... ).\n<\/p>\n\n<p>\n\tSi las ha aceptado, no volveremos a preguntarle a menos que borre las cookies en su dispositivo seg\u00fan se indica en el apartado siguiente. Si quiere revocar el consentimiento tendr\u00e1 que eliminar las cookies y volver a configurarlas.\n<\/p>\n\n\n<h2>\u00bfC\u00f3mo deshabilito y elimino la utilizaci\u00f3n de cookies?<\/h2>\n\n<p>\nEl Titular muestra informaci\u00f3n sobre su Pol\u00edtica de cookies en el banner de cookies accesible en todas las p\u00e1ginas del Sitio Web. El banner de cookies muestra informaci\u00f3n esencial sobre el tratamiento de datos y permite al Usuario realizar las siguientes acciones:\n<\/p>\n<p>\n<ul>\n  <li>ACEPTAR o RECHAZAR la instalaci\u00f3n de cookies, o retirar el consentimiento previamente otorgado.<\/li>\n  <li>Cambiar las preferencias de cookies desde la p\u00e1gina Personalizar Cookies, a la que puede acceder desde el Aviso de Cookies o desde la p\u00e1gina de <a href=\"https:\/\/carmelavidente.com\/index.php\/personalizar-cookies\/\">Personalizar Cookies<\/a>.<\/li>\n  \n  <li>Obtener informaci\u00f3n adicional en la p\u00e1gina de  <a href=https:\/\/carmelavidente.com\/index.php\/politica-de-cookies\/>Pol\u00edtica de Cookies<\/a>.<\/li>\n<\/ul>\n<\/p>\n\n<p>\n\tPara restringir, bloquear o borrar las cookies de este Sitio Web (y las usada por terceros) puede hacerlo, en cualquier momento, modificando la configuraci\u00f3n de su navegador. Tenga en cuenta que esta configuraci\u00f3n es diferente en cada navegador.\n<\/p>\n\n<p> \n  En los siguientes enlaces encontrar\u00e1 instrucciones para habilitar o deshabilitar las cookies en los navegadores m\u00e1s comunes.\n<\/p>\n\n<p>\n  <ul>\n    <li><a rel=\"nofollow\" target=\"_blank\" rel=\"noopener noreferrer nofollow\" href=\"http:\/\/support.mozilla.org\/es\/kb\/habilitar-y-deshabilitar-cookies-que-los-sitios-we\">Firefox<\/a><\/li>\n    <li><a target=\"_blank\" rel=\"noopener noreferrer nofollow\" href=\"https:\/\/support.google.com\/chrome\/answer\/95647?hl=es\">Google Chrome<\/a><\/li>\n    <li><a target=\"_blank\" rel=\"noopener noreferrer nofollow\" href='https:\/\/support.microsoft.com\/es-es\/help\/17442\/windows-internet-explorer-delete-manage-cookies#ie=\"ie-10'>Internet Explorer<\/a><\/li>\n    <li><a target=\"_blank\" rel=\"noopener noreferrer nofollow\" href='https:\/\/support.microsoft.com\/es-es\/help\/4468242\/microsoft-edge-browsing-data-and-privacy'>Microsoft Edge<\/a><\/li>\n    <li><a rel=\"nofollow\" target=\"_blank\" rel=\"noopener noreferrer nofollow\" href=\"http:\/\/support.apple.com\/kb\/HT1677?viewlocale=es_ES\">Safari<\/a><\/li>\n  <\/ul>\n<\/p>\n\n\n<h2>\u00bfQu\u00e9 tipos de cookies se utilizan en esta p\u00e1gina web?<\/h2>\n\n<p>\n\tCada p\u00e1gina web utiliza sus propias cookies. En nuestra web utilizamos las que se indican a continuaci\u00f3n:\n<\/p>\n\n<p>\n\t<b>SEG\u00daN LA ENTIDAD QUE LO GESTIONA<\/b>\n<\/p>\n\n<p>\n\t<b>Cookies propias:<\/b>\n<\/p>\n\n<p>\n\tSon aquellas que se env\u00edan al equipo terminal del Usuario desde un equipo o dominio gestionado por el propio editor y desde el que se presta el servicio solicitado por el Usuario.\n<\/p>\n\n<p>\n\t<b>Cookies de terceros:<\/b>\n<\/p>\n\n<p>\n\tSon aquellas que se env\u00edan al equipo terminal del Usuario desde un equipo o dominio que no es gestionado por el editor, sino por otra entidad que trata los datos obtenidos trav\u00e9s de las cookies.\n<\/p>\n\n<p>\n\tEn el caso de que las cookies sean servidas desde un equipo o dominio gestionado por el propio editor, pero la informaci\u00f3n que se recoja mediante estas sea gestionada por un tercero, no pueden ser consideradas como cookies propias si el tercero las utiliza para sus propias finalidades (por ejemplo, la mejora de los servicios que presta o la prestaci\u00f3n de servicios de car\u00e1cter publicitario a favor de otras entidades).\n<\/p>\n\n<p>\n\t<b>SEG\u00daN SU FINALIDAD<\/b>\n<\/p>\n\n<p>\n\t<b>Cookies t\u00e9cnicas:<\/b>\n<\/p>\n\n<p>\n\tSon aquellas necesarias para la navegaci\u00f3n y el buen funcionamiento de nuestro Sitio Web, como por ejemplo, controlar el tr\u00e1fico y la comunicaci\u00f3n de datos, identificar la sesi\u00f3n, acceder a partes de acceso restringido, realizar la solicitud de inscripci\u00f3n o participaci\u00f3n en un evento, contar visitas a efectos de la facturaci\u00f3n de licencias del software con el que funciona el servicio del Sitio Web, utilizar elementos de seguridad durante la navegaci\u00f3n, almacenar contenidos para la difusi\u00f3n de v\u00eddeos o sonido, habilitar contenidos din\u00e1micos (por ejemplo, animaci\u00f3n de carga de un texto o imagen).\n<\/p>\n\n<p>\n\t<b>Cookies de an\u00e1lisis:<\/b>\n<\/p>\n\n<p>\n\tPermiten cuantificar el n\u00famero de usuarios y as\u00ed realizar la medici\u00f3n y an\u00e1lisis estad\u00edstico de la utilizaci\u00f3n que hacen los usuarios del Sitio Web. \n<\/p>\n\n<p>\n\t<b>Cookies de preferencias o personalizaci\u00f3n:<\/b>\n<\/p>\n\n<p>\n\tSon aquellas que permiten recordar informaci\u00f3n para que el Usuario acceda al servicio con determinadas caracter\u00edsticas que pueden diferenciar su experiencia de la de otros usuarios, como, por ejemplo, el idioma, el n\u00famero de resultados a mostrar cuando el Usuario realiza una b\u00fasqueda, el aspecto o contenido del servicio en funci\u00f3n del tipo de navegador a trav\u00e9s del cual el Usuario accede al servicio o de la regi\u00f3n desde la que accede al servicio, etc.\n<\/p>\n\n\n\n<p>\n\t<b>SEG\u00daN EL PLAZO DE TIEMPO QUE PERMANECEN ACTIVADAS<\/b>\n<\/p>\n\n<p>\n\t<b>Cookies de sesi\u00f3n:<\/b>\n<\/p>\n\n<p>\n\tSon aquellas dise\u00f1adas para recabar y almacenar datos mientras el Usuario accede a una p\u00e1gina web.\n<\/p>\n\n<p>\n\tSe suelen emplear para almacenar informaci\u00f3n que solo interesa conservar para la prestaci\u00f3n del servicio solicitado por el Usuario en una sola ocasi\u00f3n (por ejemplo, una lista de productos adquiridos) y desaparecen al terminar la sesi\u00f3n.\n<\/p>\n\n<p>\n\t<b>Cookies persistentes:<\/b>\n<\/p>\n\n<p>\n\tSon aquellas en las que los datos siguen almacenados en el terminal y pueden ser accedidos y tratados durante un periodo definido por el responsable de la cookie, y que puede ir de unos minutos a varios a\u00f1os. A este respecto debe valorarse espec\u00edficamente si es necesaria la utilizaci\u00f3n de cookies persistentes, puesto que los riesgos para la privacidad podr\u00edan reducirse mediante la utilizaci\u00f3n de cookies de sesi\u00f3n. En todo caso, cuando se instalen cookies persistentes, se recomienda reducir al m\u00ednimo necesario su duraci\u00f3n temporal atendiendo a la finalidad de su uso. A estos efectos, el Dictamen 4\/2012 del GT29 indic\u00f3 que para que una cookie pueda estar exenta del deber de consentimiento informado, su caducidad debe estar relacionada con su finalidad. Debido a ello, es mucho m\u00e1s probable que se consideren como exceptuadas las cookies de sesi\u00f3n que las persistentes.\n<\/p>\n\n\n<p>\n\t<b>Detalle de cookies utilizadas en esta web:<\/b>\n<\/p>\n\n\n<p>En la web https:\/\/carmelavidente.com (en adelante, el Sitio Web) utilizamos cookies para facilitar la relaci\u00f3n de los visitantes con nuestro contenido y para permitir elaborar estad\u00edsticas sobre las visitantes que recibimos.<\/p>\n\n\n\n<p>Le informamos que podemos utilizar cookies con la nalidad de facilitar su navegaci\u00f3n a trav\u00e9s del Sitio Web, distinguirle de otros usuarios, proporcionarle una mejor experiencia en el uso del mismo, e identicar problemas para mejorar nuestro Sitio Web.<\/p>\n\n\n\n<p>\u00bfQu\u00e9 son las cookies?<\/p>\n\n\n\n<p>Se denominan cookies a unos peque\u00f1os archivos que se graban en el navegador utilizado por cada visitante de nuestra web para que el servidor pueda recordar la visita de ese usuario con posterioridad cuando vuelva a acceder a nuestros contenidos. Esta informaci\u00f3n no revela su identidad, ni dato personal alguno, ni accede al contenido almacenado en su pc, pero s\u00ed que permite a nuestro sistema identicarle a usted como un usuario determinado que ya visit\u00f3 la web con anterioridad, visualiz\u00f3 determinadas p\u00e1ginas, etc. y adem\u00e1s permite guardar sus preferencias personales e informaci\u00f3n t\u00e9cnica.<\/p>\n\n\n\n<p>En cumplimiento de la Directiva 2009\/136\/CE, desarrollada en nuestro ordenamiento por el apartado segundo del art\u00edculo 22 de la LSSI, siguiendo las directrices de la AEPD, procedemos a informarle detalladamente del uso que se realiza en nuestra web.<\/p>\n\n\n\n<p>A continuaci\u00f3n, se realiza una clasicaci\u00f3n de las cookies en funci\u00f3n de una serie de categor\u00edas. No obstante es necesario tener en cuenta que una misma cookie puede estar incluida en m\u00e1s de una categor\u00eda.<\/p>\n\n\n\n<p>Tipos de cookies seg\u00fan la entidad que las gestiona<\/p>\n\n\n\n<p>Cookies propias: Son aqu\u00e9llas que se env\u00edan al equipo terminal del usuario desde un equipo o dominio gestionado por el propio editor.<br>Cookies de terceros: Son aqu\u00e9llas que se env\u00edan al equipo terminal del usuario desde un equipo o dominio que no es gestionado por el editor, sino por otra entidad que trata los datos.<\/p>\n\n\n\n<p>https:\/\/carmelavidente.com\/politica-de-cookies\/ 1\/5<\/p>\n\n\n\n<p>30\/12\/2020 Pol\u00edtica de Cookies &#8211; Tarot y Videncia, Tarotistas buenas, tarot online, predicciones, tarot 24 horas, cartas de tarot<\/p>\n\n\n\n<p>Tipos de cookies seg\u00fan el plazo de tiempo que permanecen activas<\/p>\n\n\n\n<p>Cookies de sesi\u00f3n: Son un tipo de cookies dise\u00f1adas para recabar y almacenar datos mientras el usuario accede a una p\u00e1gina web.<br>Cookies persistentes: Son un tipo de cookies en el que los datos siguen almacenados en el terminal y pueden ser accedidos y tratados durante un periodo denido por el responsable de la cookie, y que puede ir de unos minutos a varios a\u00f1os.<\/p>\n\n\n\n<p>Tipos de cookies seg\u00fan su nalidad<\/p>\n\n\n\n<p>Cookies t\u00e9cnicas: Aquellas que permiten al usuario la navegaci\u00f3n a trav\u00e9s de una p\u00e1gina web, plataforma o aplicaci\u00f3n y la utilizaci\u00f3n de las diferentes opciones o servicios que en ella existan.<br>Cookies de personalizaci\u00f3n: Son aqu\u00e9llas que permiten al usuario acceder al servicio con algunas caracter\u00edsticas de car\u00e1cter general predenidas en funci\u00f3n de una serie de criterios en el terminal del usuario. Cookies publicitarias: Son aquellas que permiten la gesti\u00f3n, de la forma m\u00e1s ecaz posible, de los espacios publicitarios que, en su caso, el editor haya incluido en una p\u00e1gina web.<\/p>\n\n\n\n<p>Cookies de publicidad comportamental: Son aqu\u00e9llas que permiten la gesti\u00f3n, de la forma m\u00e1s ecaz posible, de los espacios publicitarios que, en su caso, el editor haya incluido en una p\u00e1gina web. Estas cookies almacenan informaci\u00f3n del comportamiento de los usuarios obtenida a trav\u00e9s de la observaci\u00f3n continuada de sus h\u00e1bitos de navegaci\u00f3n, lo que permite desarrollar un perl espec\u00edco para mostrar publicidad en funci\u00f3n del mismo.<\/p>\n\n\n\n<p>Cookies de an\u00e1lisis: Son aquellas que permiten al responsable de las mismas, el seguimiento y an\u00e1lisis del comportamiento de los usuarios de los sitios web a los que est\u00e1n vinculadas. La informaci\u00f3n recogida mediante este tipo de cookies se utiliza en la medici\u00f3n de la actividad de los sitios web, con el n de introducir mejoras en funci\u00f3n del an\u00e1lisis de los datos de uso que hacen los usuarios del servicio.<\/p>\n\n\n\n<p>Actualmente, la mayor\u00eda de los navegadores vienen congurados por defecto para bloquear la instalaci\u00f3n de cookies de publicidad o terceros en su equipo. El usuario puede ampliar las restricciones de origen, impidiendo la entrada de cualquier tipo de cookie, o eliminar dichas restricciones, aceptando la entrada de cualquier tipo de cookies. Si est\u00e1 interesado en admitir cookies de publicidad o de terceros, podr\u00e1 congurar su navegador a tal n.<\/p>\n\n\n\n<p>La aceptaci\u00f3n realizada por el usuario, haciendo click en el bot\u00f3n de ACEPTAR mostrado en la informaci\u00f3n inicial sobre cookies, implica que est\u00e1 consintiendo expresamente al responsable para su utilizaci\u00f3n, pudiendo ejercer sus derechos y revocar su consentimiento en cualquier momento, a trav\u00e9s de solicitud a Delay Events SLU.<\/p>\n\n\n\n<p>A continuaci\u00f3n le informamos detalladamente todas las cookies que podr\u00edan llegar a instalarse desde nuestro sitio web. En funci\u00f3n de su navegaci\u00f3n, de la conguraci\u00f3n de su navegador y de la aceptaci\u00f3n o rechazo de las mismas, podr\u00e1n instalarse todas o s\u00f3lo algunas de ellas.<\/p>\n\n\n\n<p>https:\/\/carmelavidente.com\/politica-de-cookies\/ 2\/5<\/p>\n\n\n\n<p>30\/12\/2020 Pol\u00edtica de Cookies &#8211; Tarot y Videncia, Tarotistas buenas, tarot online, predicciones, tarot 24 horas, cartas de tarot<\/p>\n\n\n\n<figure class=\"wp-block-table\"><table><tbody><tr><td>Nombre<\/td><td>Categoria<\/td><td>Descripci\u00f3n<\/td><td>Propiedad<\/td><td>Duraci\u00f3n<\/td><\/tr><tr><td>PHPSESSID<\/td><td>Funcionalidad<\/td><td>Esta cookie es usado por el lenguaje de encriptado PHP para permitir que las variables de sesi\u00f3n sean guardadas en el servidor web.<\/td><td>Propia<\/td><td>Finalizaci\u00f3n de la sesi\u00f3n<\/td><\/tr><tr><td><\/td><td><\/td><td><\/td><td><\/td><td><\/td><\/tr><tr><td><\/td><td><\/td><td><\/td><td><\/td><td><\/td><\/tr><tr><td><\/td><td><\/td><td><\/td><td><\/td><td><\/td><\/tr><tr><td>wp-settings-<\/td><td>Funcionalidad<\/td><td>Sirve para personalizar la Interfaz de Usuario.<\/td><td>Propia<\/td><td>1 a\u00f1o<\/td><\/tr><tr><td>wp-settings-time-<\/td><td>Funcionalidad<\/td><td>Sirve para personalizar la Interfaz de Usuario.<\/td><td>Propia<\/td><td>Finalizaci\u00f3n de la sesi\u00f3n<\/td><\/tr><tr><td>gadwp_wg_default_dimension<\/td><td>Funcionalidad<\/td><td>Gestiona la gesti\u00f3n del acceso a la web y el despliegue de im\u00e1genes.<\/td><td>Propia<\/td><td>1 semana<\/td><\/tr><tr><td>gadwp_wg_default_metric<\/td><td>Funcionalidad<\/td><td>Gestiona la gesti\u00f3n del acceso a la web y el despliegue de im\u00e1genes.<\/td><td>Propia<\/td><td>1 semana<\/td><\/tr><tr><td>wfwaf-authcookie- 20a22b579519ee3c4599cb67620b3604<\/td><td>Funcionalidad<\/td><td>Desconocemos el origen de la cookie<\/td><td>Terceros<\/td><td>Desconocemos el origen de la cookie<\/td><\/tr><tr><td>Es posible que actualicemos la Pol\u00edtica de Cookies de nuestro Sitio Web, por ello le recomendamos revisar esta pol\u00edtica cada vez que acceda a nuestro Sitio Web con el objetivo de estar adecuadamente informado sobre c\u00f3mo y para qu\u00e9 usamos las cookies. Si usted no desea que se guarden cookies en su navegador o preere recibir una informaci\u00f3n cada vez que una cookie solicite instalarse, puede congurar sus opciones de navegaci\u00f3n para que se haga de esa forma. La mayor parte de los navegadores permiten la gesti\u00f3n de las cookies de 3 formas diferentes:<\/td><\/tr><\/tbody><\/table><\/figure>\n\n\n\n<p>https:\/\/carmelavidente.com\/politica-de-cookies\/ 3\/5<\/p>\n\n\n\n<p>30\/12\/2020 Pol\u00edtica de Cookies &#8211; Tarot y Videncia, Tarotistas buenas, tarot online, predicciones, tarot 24 horas, cartas de tarot<\/p>\n\n\n\n<p>Las cookies son siempre rechazadas;<br>El navegador pregunta si el usuario desea instalar cada cookie; Las cookies son siempre aceptadas;<\/p>\n\n\n\n<p>Su navegador tambi\u00e9n puede incluir la posibilidad de seleccionar con detalle las cookies que desea que se instalen en su ordenador. En concreto, el usuario puede normalmente aceptar alguna de las siguientes opciones:<\/p>\n\n\n\n<p>Rechazar las cookies de determinados dominios;<br>Rechazar las cookies de terceros;<br>Aceptar cookies como no persistentes (se eliminan cuando el navegador se cierra); Permitir al servidor crear cookies para un dominio diferente.<\/p>\n\n\n\n<p>Para permitir, conocer, bloquear o eliminar las cookies instaladas en su equipo puede hacerlo mediante la conguraci\u00f3n de las opciones del navegador instalado en su ordenador.<\/p>\n\n\n\n<p>Puede encontrar informaci\u00f3n sobre c\u00f3mo congurar los navegadores m\u00e1s usados en las siguientes ubicaciones:<\/p>\n\n\n\n<p>Internet Explorer: Herramientas -&gt; Opciones de Internet -&gt; Privacidad -&gt; Conguraci\u00f3n. Para m\u00e1s informaci\u00f3n, puede consultar el soporte de Microsoft o la Ayuda del navegador.<br>Firefox: Herramientas -&gt; Opciones -&gt; Privacidad -&gt; Historial -&gt; Conguraci\u00f3n Personalizada. Para m\u00e1s informaci\u00f3n, puede consultar el soporte de Mozilla o la Ayuda del navegador.<\/p>\n\n\n\n<p>Chrome: Conguraci\u00f3n -&gt; Mostrar opciones avanzadas -&gt; Privacidad -&gt; Conguraci\u00f3n de contenido. Para m\u00e1s informaci\u00f3n, puede consultar el soporte de Google o la Ayuda del navegador.<br>Safari: Preferencias -&gt; Seguridad. Para m\u00e1s informaci\u00f3n, puede consultar el soporte de Apple o la Ayuda del navegador.<\/p>\n","protected":false},"excerpt":{"rendered":"<p>\u00bfQu\u00e9 son las cookies? En ingl\u00e9s, el t\u00e9rmino &quot;cookie&quot; significa galleta, pero en el \u00e1mbito de la navegaci\u00f3n web, una &quot;cookie&quot; es algo completamente distinto. Cuando accede a nuestro Sitio Web, en el navegador de su dispositivo se almacena una peque\u00f1a cantidad de texto que se denomina &quot;cookie&quot;. Este texto contiene informaci\u00f3n variada sobre su&hellip;&nbsp;<a href=\"https:\/\/carmelavidente.com\/index.php\/politica-de-cookies\/\" rel=\"bookmark\">Leer m\u00e1s &raquo;<span class=\"screen-reader-text\">Poli\u0301tica de Cookies<\/span><\/a><\/p>\n","protected":false},"author":1,"featured_media":0,"parent":0,"menu_order":0,"comment_status":"closed","ping_status":"closed","template":"","meta":{"neve_meta_sidebar":"full-width","neve_meta_container":"","neve_meta_enable_content_width":"on","neve_meta_content_width":100,"neve_meta_title_alignment":"","neve_meta_author_avatar":"","neve_post_elements_order":"","neve_meta_disable_header":"","neve_meta_disable_footer":"","neve_meta_disable_title":"","footnotes":""},"class_list":["post-88","page","type-page","status-publish","hentry"],"aioseo_notices":[],"_links":{"self":[{"href":"https:\/\/carmelavidente.com\/index.php\/wp-json\/wp\/v2\/pages\/88","targetHints":{"allow":["GET"]}}],"collection":[{"href":"https:\/\/carmelavidente.com\/index.php\/wp-json\/wp\/v2\/pages"}],"about":[{"href":"https:\/\/carmelavidente.com\/index.php\/wp-json\/wp\/v2\/types\/page"}],"author":[{"embeddable":true,"href":"https:\/\/carmelavidente.com\/index.php\/wp-json\/wp\/v2\/users\/1"}],"replies":[{"embeddable":true,"href":"https:\/\/carmelavidente.com\/index.php\/wp-json\/wp\/v2\/comments?post=88"}],"version-history":[{"count":1,"href":"https:\/\/carmelavidente.com\/index.php\/wp-json\/wp\/v2\/pages\/88\/revisions"}],"predecessor-version":[{"id":89,"href":"https:\/\/carmelavidente.com\/index.php\/wp-json\/wp\/v2\/pages\/88\/revisions\/89"}],"wp:attachment":[{"href":"https:\/\/carmelavidente.com\/index.php\/wp-json\/wp\/v2\/media?parent=88"}],"curies":[{"name":"wp","href":"https:\/\/api.w.org\/{rel}","templated":true}]}}